{"id":2025,"date":"2020-12-15T12:33:45","date_gmt":"2020-12-15T11:33:45","guid":{"rendered":"https:\/\/www.ipablapieve.it\/wp\/?page_id=2025"},"modified":"2022-12-06T12:42:22","modified_gmt":"2022-12-06T11:42:22","slug":"open-day-infanzia-2020","status":"publish","type":"page","link":"https:\/\/www.ipablapieve.it\/wp\/infanzia\/scuola-dellinfanzia-g-fioravanzo\/open-day-infanzia-2020\/","title":{"rendered":"Open days infanzia 2023 2024"},"content":{"rendered":"<p><strong>Open days della scuola dell&#8217;infanzia &#8220;G. Fioravanzo&#8221;\u00a0<\/strong><\/p>\n<p>Vi aspettiamo, numerosi ai nostri OPEN DAY -&gt; clicca per vedere le date<\/p>\n<p><a href=\"https:\/\/www.ipablapieve.it\/wp\/wp-content\/uploads\/2022\/12\/locandina-open-day-iscrizioni-2023-24.pdf\">OPEN DAY iscrizioni 2023 24<\/a><\/p>\n<p><strong>Avvisiamo che dal 9 al 30 gennaio 2023 sono aperte le iscrizioni alla scuola dell&#8217;infanzia &#8220;G. Fioravanzo&#8221; di Breganze.<\/strong><\/p>\n<p>Alla Scuola dell&#8217;infanzia &#8220;Fioravanzo&#8221; di Breganze, i bambini crescono nel rispetto di tempi distesi con yoga, lettura e gioco, in spazi ampi e sicuri per attivit\u00e0 e laboratori.<\/p>\n<p>Fondata nel 1939 \u00a0e integrata all\u2019I.P.A.B. La Pieve nel 2000, la nostra scuola dell&#8217;infanzia mette al centro il bambino facendo dell&#8217;esperienza ludica gioiosa il motore di ogni progetto.<\/p>\n<p>Tra le attivit\u00e0 educative proposte, ci sono il gioco e il rilassamento attraverso lo Yoga Educativo, la lettura ad alta voce per stimolare le competenze emotive, relazionali e cognitive e le esperienze a contatto con la natura e gli animali nella fattoria didattica &#8220;Don Manfrin&#8221;.<\/p>\n<p>Vengono proposti anche laboratori di musica, di lingua inglese e l&#8217;attivit\u00e0 motoria. La scuola gode di spazi ampi e di un servizio mensa con cucina interna. Un ambiente sicuro e ben organizzato, con una capacit\u00e0 ricettiva massima di 102 bambini, accoglier\u00e0 i vostri figli.<\/p>\n<p>Le sezioni attivate sono tre, ognuna ha l&#8217;insegnante di riferimento titolare di sezione. Le attivit\u00e0 sono integrate dalla presenza di una coordinatrice e di una direttrice didattica.<\/p>\n<p>E&#8217; attiva una Sezione Primavera per l&#8217;a.s. 2022 2023, che se i numeri lo permettono, riconfermiamo anche per l&#8217;anno scolastico successivo.<\/p>\n<p>La scuola \u00e8 aperta dalle 7.30 alle 16.00 dal luned\u00ec al venerd\u00ec con possibilit\u00e0 orario posticipato dalle 16.00 alle 18.00.<\/p>\n<p>Per informazioni telefonare al mattino al n. 0445\/306325 e chiedere della coordinatrice Dr.ssa Roberta Bernardelle.<\/p>\n<p><strong>N.B.\u00a0 <\/strong>Vi chiediamo di comprendere che a causa dell&#8217;emergenza Covid sono vietati gli accessi agli uffici amministrativi (segreteria\/protocollo), pertanto Vi invitiamo a visitare la <a href=\"https:\/\/www.ipablapieve.it\/wp\/infanzia\/scuola-dellinfanzia-g-fioravanzo\/modulistica-scuola-infanzia-g-fioravanzo\/\">pagina del sito dove sono disponibili i moduli di iscrizione<\/a> che potete scaricare, compilare e inviare all&#8217;indirizzo di posta: <a href=\"mailto:segreteria@ipablapieve.it\">segreteria@ipablapieve.it<\/a> &#8211; Grazie<\/p>\n<p>&nbsp;<\/p>\n","protected":false},"excerpt":{"rendered":"<p>Open days della scuola dell&#8217;infanzia &#8220;G.<\/p>\n","protected":false},"author":6,"featured_media":0,"parent":272,"menu_order":0,"comment_status":"closed","ping_status":"closed","template":"","meta":{"footnotes":""},"tags":[],"class_list":["post-2025","page","type-page","status-publish","hentry"],"_links":{"self":[{"href":"https:\/\/www.ipablapieve.it\/wp\/wp-json\/wp\/v2\/pages\/2025","targetHints":{"allow":["GET"]}}],"collection":[{"href":"https:\/\/www.ipablapieve.it\/wp\/wp-json\/wp\/v2\/pages"}],"about":[{"href":"https:\/\/www.ipablapieve.it\/wp\/wp-json\/wp\/v2\/types\/page"}],"author":[{"embeddable":true,"href":"https:\/\/www.ipablapieve.it\/wp\/wp-json\/wp\/v2\/users\/6"}],"replies":[{"embeddable":true,"href":"https:\/\/www.ipablapieve.it\/wp\/wp-json\/wp\/v2\/comments?post=2025"}],"version-history":[{"count":31,"href":"https:\/\/www.ipablapieve.it\/wp\/wp-json\/wp\/v2\/pages\/2025\/revisions"}],"predecessor-version":[{"id":3058,"href":"https:\/\/www.ipablapieve.it\/wp\/wp-json\/wp\/v2\/pages\/2025\/revisions\/3058"}],"up":[{"embeddable":true,"href":"https:\/\/www.ipablapieve.it\/wp\/wp-json\/wp\/v2\/pages\/272"}],"wp:attachment":[{"href":"https:\/\/www.ipablapieve.it\/wp\/wp-json\/wp\/v2\/media?parent=2025"}],"wp:term":[{"taxonomy":"post_tag","embeddable":true,"href":"https:\/\/www.ipablapieve.it\/wp\/wp-json\/wp\/v2\/tags?post=2025"}],"curies":[{"name":"wp","href":"https:\/\/api.w.org\/{rel}","templated":true}]}}