{"id":422,"date":"2019-04-11T10:17:10","date_gmt":"2019-04-11T08:17:10","guid":{"rendered":"https:\/\/www.ipablapieve.it\/wp\/?page_id=422"},"modified":"2023-10-13T10:29:35","modified_gmt":"2023-10-13T08:29:35","slug":"csa-attivita-e-progetti","status":"publish","type":"page","link":"https:\/\/www.ipablapieve.it\/wp\/ente\/anziani\/servizi-residenziali\/csa-attivita-e-progetti\/","title":{"rendered":"Servizi offerti e attivit\u00e0"},"content":{"rendered":"<div id=\"pl-422\"  class=\"panel-layout\" ><div id=\"pg-422-0\"  class=\"panel-grid panel-no-style\" ><div id=\"pgc-422-0-0\"  class=\"panel-grid-cell\" ><div id=\"panel-422-0-0-0\" class=\"so-panel widget widget_sow-editor panel-first-child panel-last-child\" data-index=\"0\" ><div\n\t\t\t\n\t\t\tclass=\"so-widget-sow-editor so-widget-sow-editor-base\"\n\t\t\t\n\t\t>\n<div class=\"siteorigin-widget-tinymce textwidget\">\n\t<p align=\"justify\"><span style=\"color: #555555;\"><span style=\"font-size: x-large;\"><span style=\"font-family: Verdana, sans-serif;\"><b>L\u2019Unit\u00e0 Operativa Interna<\/b><\/span><\/span><\/span><\/p>\n<p align=\"justify\"><span style=\"color: #555555;\"><span style=\"font-family: Verdana, sans-serif;\"><span style=\"font-size: medium;\">L\u2019unit\u00e0 operativa interna (U.O.I.) \u00e8 uno strumento previsto dalla Normativa Regionale ( D.G.R. 2473\/04) per valutare, per confrontarsi in equipe e per definire gli obbiettivi individuali per ogni ospite della R.S.A.. L\u2019obbiettivo principale \u00e8 stimolare, orientare, regolare, alimentare il processo di miglioramento o di mantenimento del benessere globale (autonomie fisiche, psichiche e sociali) di ogni utente.<\/span><\/span><\/span><\/p>\n<p align=\"justify\"><span style=\"color: #555555;\"><span style=\"font-family: Verdana, sans-serif;\"><span style=\"font-size: medium;\">Compito delle U.O.I. \u00e8 pertanto effettuare una valutazione multidimensionale dell\u2019utente, avvalendosi della scheda S.V.A.M.A. regionale e di eventuali altri strumenti valutativi delle singole professioni, per definire obiettivi personalizzati percorribili dove possibile tendenti al miglioramento della persona o alla risoluzione di specifici problemi gestionali sempre nell\u2019ottica di garantire e tendere al benessere complessivo degli ospiti<\/span><\/span><\/span><\/p>\n<p align=\"justify\"><span style=\"color: #555555;\"><span style=\"font-family: Verdana, sans-serif;\"><span style=\"font-size: medium;\">L\u2019U.O.I. definisce, in nome e per conto dell\u2019organizzazione, un P.A.I. contenete gli obbiettivi generali verso cui tendere per la persona. I singoli professionisti \u00a0metteranno in atto le attivit\u00e0 di competenza per il raggiungimento di tali obbiettivi.<\/span><\/span><\/span><\/p>\n<p align=\"justify\"><span style=\"color: #555555;\"><span style=\"font-family: Verdana, sans-serif;\"><span style=\"font-size: medium;\">L\u2019U.O.I. si svolge preferibilmente con cadenza settimanale, sulla base di una programmazione, ma anche in risposta a necessit\u00e0 urgenti di ridefinizione del progetto individualizzato dell\u2019ospite. <\/span><\/span><\/span><\/p>\n<h2 class=\"western\" align=\"justify\"><span style=\"font-family: Verdana, sans-serif;\"><span style=\"font-size: x-large;\"><b><span style=\"color: #555555;\">Servizio medico specialistico<\/span><\/b><\/span><\/span><\/h2>\n<p align=\"justify\"><span style=\"font-family: Verdana, sans-serif;\"><span style=\"font-size: medium;\"><span style=\"color: #555555;\">L\u2019I.P.A.B. \u201cLa pieve\u201d per particolari esigenze sanitarie\/infermieristiche o situazioni particolarmente complesse o dove siano coinvolti nella gestione anche servizi territoriali, pu\u00f2 richiedere la presenza in U.O.I. del Medico Geriatra coordinatore. <\/span><\/span><\/span><\/p>\n<p align=\"justify\"><span style=\"font-family: Verdana, sans-serif;\"><span style=\"font-size: medium;\"><span style=\"color: #555555;\">Tutte le prestazioni sanitarie specialistiche vengono erogate tramite sistema sanitario nazionale. <\/span><\/span><\/span><\/p>\n<h2 class=\"western\" align=\"justify\"><span style=\"font-family: Verdana, sans-serif;\"><span style=\"font-size: x-large;\"><b><span style=\"color: #555555;\">Servizio medico<\/span><\/b><\/span><\/span><\/h2>\n<p align=\"justify\"><span style=\"font-family: Verdana, sans-serif;\"><span style=\"font-size: medium;\"><span style=\"color: #555555;\">E\u2019 un servizio quotidianamente garantito da due medici di medicina generale con presenza dal luned\u00ec al venerd\u00ec e al sabato mattina che attualmente prestano la loro opera assistenziale in collaborazione con l\u2019Ente grazie ad una convenzione firmata con l\u2019Asl n.7 \u201cPedemontana\u201d. Il servizio viene erogato in via continuativa dalle ore 8.00 alle ore 20.00 con presenza in struttura o tramite reperibilit\u00e0 telefonica e consulto con gli infermieri di reparto.<\/span><\/span><\/span><\/p>\n<p align=\"justify\"><span style=\"font-family: Verdana, sans-serif;\"><span style=\"font-size: medium;\"><span style=\"color: #555555;\">Nei festivi e in orario notturno l\u2019assistenza medica viene garantita per le urgenze dal servizio di guardia medica gestita dall\u2019Asl n\u00b07.<\/span><\/span><\/span><\/p>\n<h2 class=\"western\" align=\"justify\"><span style=\"font-family: Verdana, sans-serif;\"><span style=\"font-size: x-large;\"><span style=\"color: #555555;\"><b>Servizio psicologico<\/b><\/span><\/span><\/span><\/h2>\n<p align=\"justify\"><span style=\"font-family: Verdana, sans-serif;\"><span style=\"font-size: medium;\"><span style=\"color: #555555;\">Il Servizio Psicologico si occupa di offrire attivit\u00e0 di consulenza, orientamento e supporto psicologico sia ai residenti (o agli utenti nel caso dei due Centri Diurni) che ai loro famigliari.<\/span><\/span><\/span><\/p>\n<p align=\"justify\"><span style=\"font-family: Verdana, sans-serif;\"><span style=\"font-size: medium;\"><span style=\"color: #555555;\">La finalit\u00e0 \u00e8 quella di promuovere il benessere psicologico e contribuire al miglioramento della qualit\u00e0 di vita.<\/span><\/span><\/span><\/p>\n<p align=\"justify\"><span style=\"font-family: Verdana, sans-serif;\"><span style=\"font-size: medium;\"><span style=\"color: #555555;\">Questi interventi e la loro frequenza vengono attivati su richiesta diretta degli interessati, su segnalazione dell\u2019equipe, piuttosto che sulla base di una valutazione di necessit\u00e0 effettuata dal professionista stesso.<\/span><\/span><\/span><\/p>\n<p align=\"justify\"><span style=\"font-family: Verdana, sans-serif;\"><span style=\"font-size: medium;\"><span style=\"color: #555555;\">Parallelamente il Servizio Psicologico:<\/span><\/span><\/span><\/p>\n<ul>\n<li>\n<p align=\"justify\"><span style=\"font-family: Verdana, sans-serif;\"><span style=\"font-size: medium;\"><span style=\"color: #555555;\">offre attivit\u00e0 di consulenza ai colleghi dell\u2019equipe multidisciplinare finalizzata ad individuare le modalit\u00e0 e strategie di approccio e gestione pi\u00f9 consone ed efficaci, rispetto alle situazioni clinicamente pi\u00f9 complesse o ai momenti\/situazioni di particolare fragilit\u00e0 (lutti, aggravamenti, rifiuto dell\u2019ambiente di vita, ecc.);<\/span><\/span><\/span><\/p>\n<\/li>\n<li>\n<p align=\"justify\"><span style=\"font-family: Verdana, sans-serif;\"><span style=\"font-size: medium;\"><span style=\"color: #555555;\">partecipa alla stesura del Piano Assistenziale Individualizzato (P.A.I.) e collabora con le altre figure tecniche nell\u2019avvio di progetti di stimolazione e socializzazione;<\/span><\/span><\/span><\/p>\n<\/li>\n<li>\n<p align=\"justify\"><span style=\"font-family: Verdana, sans-serif;\"><span style=\"font-size: medium;\"><span style=\"color: #555555;\">fornisce consulenze specializzate alla Direzione per l\u2019adeguamento degli ambienti di vita alle esigenze dei residenti;<\/span><\/span><\/span><\/p>\n<\/li>\n<li>\n<p align=\"justify\"><span style=\"font-family: Verdana, sans-serif;\"><span style=\"font-size: medium;\"><span style=\"color: #555555;\">supporta la Direzione e i Coordinatori nella gestione dell\u2019equipe multidisciplinare e nel mantenimento di un buon clima lavorativo;<\/span><\/span><\/span><\/p>\n<\/li>\n<li>\n<p align=\"justify\"><span style=\"font-family: Verdana, sans-serif;\"><span style=\"font-size: medium;\"><span style=\"color: #555555;\">al bisogno effettua valutazioni neuropsicologiche approfondite sui residenti.<\/span><\/span><\/span><\/p>\n<\/li>\n<\/ul>\n<p align=\"justify\"><span style=\"font-family: Verdana, sans-serif;\"><span style=\"font-size: medium;\"><span style=\"color: #555555;\">Riceve su appuntamento:<\/span><\/span><\/span><\/p>\n<p align=\"justify\"><span style=\"font-family: Verdana, sans-serif;\"><span style=\"font-size: medium;\"><span style=\"color: #555555;\">0445.306387 (nuclei residenziali);<\/span><\/span><\/span><\/p>\n<p align=\"justify\"><span style=\"font-family: Verdana, sans-serif;\"><span style=\"font-size: medium;\"><span style=\"color: #555555;\">0445 306386 (Centro Diurno La Compagnia e Centro Diurno Vita Indipendente).<\/span><\/span><\/span><\/p>\n<p class=\"western\" align=\"justify\"><span style=\"color: #555555;\"><span style=\"font-family: Verdana, serif;\"><span style=\"font-size: x-large;\"><b>Servizio di fisioterapia<\/b><\/span><\/span><\/span><\/p>\n<p class=\"western\" align=\"justify\"><span style=\"font-family: Verdana, serif;\"><span style=\"font-size: medium;\">E\u2019 composto da una equipe di fisioterapisti abilitati alla professione ed \u00e8 finalizzato al miglioramento della qualit\u00e0 di vita degli ospiti utenti, attraverso le proposte terapeutiche individuali o di gruppo che pi\u00f9 si addicono al singolo soggetto.<\/span><\/span><\/p>\n<p class=\"western\" align=\"justify\"><span style=\"font-family: Verdana, serif;\"><span style=\"font-size: medium;\">I trattamenti individuali sono rivolti alle persone con patologie specifiche (paralisi, fratture, ecc.) che abbisognano di un approccio mirato e personalizzato, con obiettivo di mantenimento o recupero dopo un repentino peggioramento della performance motoria.<\/span><\/span><\/p>\n<p class=\"western\" align=\"justify\"><span style=\"font-family: Verdana, serif;\"><span style=\"font-size: medium;\">La ginnastica di gruppo \u00e8 indirizzata a tutti gli ospiti (anche in carrozzina) che desiderano mantenere le abilit\u00e0 motorie che gi\u00e0 possiedono in un contesto socializzante e divertente, si svolge una volta a settimana in palestra in piccolo gruppo.<\/span><\/span><\/p>\n<p class=\"western\" align=\"justify\"><span style=\"font-family: Verdana, serif;\"><span style=\"font-size: medium;\">Inoltre il fisioterapista:<\/span><\/span><\/p>\n<ul>\n<li>\n<p align=\"justify\"><span style=\"font-family: Verdana, serif;\"><span style=\"font-size: medium;\">partecipa alla stesura del Piano Assistenziale Individualizzato (P.A.I.) e collabora con le altre figure tecniche nell\u2019avvio di progetti di stimolazione e socializzazione;<\/span><\/span><\/p>\n<\/li>\n<li>\n<p align=\"justify\"><span style=\"font-family: Verdana, serif;\"><span style=\"font-size: medium;\">propone valutazioni e indicazioni di specifica competenza per la compilazione della scheda assistenziale dei residenti;<\/span><\/span><\/p>\n<\/li>\n<li>\n<p align=\"justify\"><span style=\"font-family: Verdana, serif;\"><span style=\"font-size: medium;\">fornisce indicazioni riguardo agli ausili necessari alla movimentazione degli ospiti in base alle abilit\u00e0 motorie residue e la modalit\u00e0 di gestione degli ospiti nei trasferimenti e passaggi posturali durante la routine giornaliera; <\/span><\/span><\/p>\n<\/li>\n<li>\n<p align=\"justify\"><span style=\"font-family: Verdana, serif;\"><span style=\"font-size: medium;\">fornisce consulenze specializzate per l\u2019adeguamento degli ambienti di vita alle esigenze dei residenti;<\/span><\/span><\/p>\n<\/li>\n<li>\n<p align=\"justify\"><span style=\"font-family: Verdana, serif;\"><span style=\"font-size: medium;\">supporta i Coordinatori nella gestione dei progetti assistenziali multidisciplinari, in particolare per quanto riguarda ADL e IADL, e nell\u2019integrazioni di essi nella routine assistenziale di reparto;<\/span><\/span><\/p>\n<\/li>\n<\/ul>\n<p class=\"western\" align=\"justify\"><span style=\"font-family: Verdana, serif;\"><span style=\"font-size: medium;\">Ricevono su appuntamento:<\/span><\/span><\/p>\n<p class=\"western\" align=\"justify\"><span style=\"font-family: Verdana, serif;\"><span style=\"font-size: medium;\">0445.306372\/342 (nuclei residenziali);<\/span><\/span><\/p>\n<p class=\"western\" align=\"justify\"><span style=\"font-family: Verdana, serif;\"><span style=\"font-size: medium;\">0445 306345 (Centro Diurno La Compagnia)<\/span><\/span><\/p>\n<p class=\"western\" align=\"justify\"><span style=\"font-family: Verdana, serif;\"><span style=\"font-size: medium;\">0445 306376 (Centro Diurno Vita Indipendente).<\/span><\/span><\/p>\n<h2 class=\"western\" align=\"justify\"><span style=\"font-family: Verdana, sans-serif;\"><span style=\"font-size: x-large;\"><b><span style=\"color: #555555;\">Il servizio logopedico<\/span><\/b><\/span><\/span><\/h2>\n<p align=\"justify\"><span style=\"font-family: Verdana, sans-serif;\"><span style=\"font-size: medium;\"><span style=\"color: #555555;\">Il logopedista dopo aver condotto una valutazione generale dell\u2019ospite e condiviso le informazioni con il medico di medicina generale e altre figure professionali dell'equipe multidisciplinare (neuropsicologo, fisioterapisti, educatori, infermieri professionali, operatori addetti all\u2019assistenza), si occupa di una specifica presa in carico delineata sulla base delle problematiche emerse.<\/span><\/span><\/span><\/p>\n<p align=\"justify\"><span style=\"font-family: Verdana, sans-serif;\"><span style=\"font-size: medium;\"><span style=\"color: #555555;\">Questa pu\u00f2 essere effettuata in forma individuale, in particolare per le difficolt\u00e0 di deglutizione e per il deficit uditivo; se indicato, il logopedista segue l\u2019ospite durante l\u2019iter che porter\u00e0 alla protesizzazione acustica.<\/span><\/span><\/span><\/p>\n<p align=\"justify\"><span style=\"font-family: Verdana, sans-serif;\"><span style=\"font-size: medium;\"><span style=\"color: #555555;\">Si individuano invece gruppi di ospiti qualora si ritenga opportuno proporre attivit\u00e0 che favoriscano l\u2019orientamento spazio-temporale, le relazioni interpersonali e la riattivazione\/mantenimento di funzioni cognitive e strumentali quali attenzione, memoria, lettura, scrittura.<\/span><\/span><\/span><\/p>\n<h2 class=\"western\" align=\"justify\"><span style=\"font-family: Verdana, sans-serif;\"><span style=\"font-size: x-large;\"><b><span style=\"color: #555555;\">Servizio infermieristico<\/span><\/b><\/span><\/span><\/h2>\n<p align=\"justify\"><span style=\"font-family: Verdana, sans-serif;\"><span style=\"font-size: medium;\"><span style=\"color: #555555;\">Il servizio viene garantito dal personale dell\u2019Ente (e da alcuni collaboratori esterni) nell\u2019arco delle 24 ore, operando in tutti i nuclei assistenziali e con maggior presenza specialmente durante i turni diurni, caratterizzati da elevato bisogno assistenziale degli ospiti. Da alcuni mesi \u00e8 stato potenziato il servizio infermieristico grazie ad una convenzione di collaborazione con l\u2019U.l.s.s. n\u00b07 Pedemontana.<\/span><\/span><\/span><\/p>\n<h2 class=\"western\" align=\"justify\"><span style=\"font-family: Verdana, sans-serif;\"><span style=\"font-size: x-large;\"><b><span style=\"color: #555555;\">Servizio socio assistenziale<\/span><\/b><\/span><\/span><\/h2>\n<p align=\"justify\"><span style=\"font-family: Verdana, sans-serif;\"><span style=\"font-size: medium;\"><span style=\"color: #555555;\">Il servizio viene garantito da personale qualificato addetto all\u2019assistenza che presta la propria opera prevalentemente suddivisa su tre turni, garantendo comunque continuit\u00e0 assistenziale nell\u2019arco delle 24 ore.<\/span><\/span><\/span><\/p>\n<p><span style=\"color: #555555;\"><span style=\"font-family: Verdana, sans-serif;\"><span style=\"font-size: x-large;\"><b>Servizio educativo: l<\/b><b>e principali attivit\u00e0<\/b><\/span><\/span><\/span><\/p>\n<p align=\"justify\"><span style=\"color: #555555;\"><span style=\"font-family: Verdana, sans-serif;\"><span style=\"font-size: medium;\">Il servizio educativo \u00e8 curato dagli educatori professionali che propongono agli ospiti attivit\u00e0 di vario tipo volte alla stimolazione dell\u2019utenza. <\/span><\/span><\/span><\/p>\n<p align=\"justify\"><span style=\"color: #555555;\"><span style=\"font-family: Verdana, sans-serif;\"><span style=\"font-size: medium;\">Qui di seguito un dettaglio pi\u00f9 approfondito delle proposte educative.<\/span><\/span><\/span><\/p>\n<p><span style=\"color: #555555;\"><span style=\"font-family: Verdana, sans-serif;\"><span style=\"font-size: large;\"><b>Tombola<\/b><\/span><\/span><\/span><\/p>\n<p align=\"justify\"><span style=\"color: #555555;\"><span style=\"font-family: Verdana, sans-serif;\"><span style=\"font-size: medium;\">Questo gioco \u00e8 un esercizio di memoria, manualit\u00e0, lettura e riconoscimento dei numeri, positivo sia mentalmente che socialmente visto che si svolge in gruppo.<\/span><\/span><\/span><\/p>\n<p><span style=\"color: #555555;\"><span style=\"font-family: Verdana, sans-serif;\"><span style=\"font-size: large;\"><b>Gruppo Lettura<\/b><\/span><\/span><\/span><\/p>\n<p align=\"justify\"><span style=\"color: #555555;\"><span style=\"font-family: Verdana, sans-serif;\"><span style=\"font-size: medium;\">Il gruppo interagisce sulla base di un tema di attualit\u00e0 tratto dal quotidiano o dalla lettura di racconti, proverbi e tradizioni del passato. Tutti i partecipanti trovano spazio per comunicare, commentare o raccontare di s\u00e9.<\/span><\/span><\/span><\/p>\n<p><span style=\"color: #555555;\"><span style=\"font-family: Verdana, sans-serif;\"><span style=\"font-size: large;\"><b>Passeggiate in paese<\/b><\/span><\/span><\/span><\/p>\n<p align=\"justify\"><span style=\"color: #555555;\"><span style=\"font-family: Verdana, sans-serif;\"><span style=\"font-size: medium;\">Nel periodo primaverile, estivo e autunnale si esce in passeggiata al mercato e\/o al parco pubblico. Questo appuntamento \u00e8 fonte di grande benessere e piacere, motivo di incontro con conoscenti e realt\u00e0 esterni all\u2019Rsa.<\/span><\/span><\/span><\/p>\n<p><span style=\"color: #555555;\"><span style=\"font-family: Verdana, sans-serif;\"><span style=\"font-size: large;\"><b>Attivit\u00e0 creative<\/b><\/span><\/span><\/span><\/p>\n<p align=\"justify\"><span style=\"color: #555555;\"><span style=\"font-family: Verdana, sans-serif;\"><span style=\"font-size: medium;\">Stagionalmente cerchiamo di creare dei piccoli laboratori creativi (massimo 10 persone) per preparare biglietti augurali, doni o addobbi per mantenere attiva la manualit\u00e0.<\/span><\/span><\/span><\/p>\n<p><span style=\"color: #555555;\"><span style=\"font-family: Verdana, sans-serif;\"><span style=\"font-size: large;\"><b>Canto<\/b><\/span><\/span><\/span><\/p>\n<p align=\"justify\"><span style=\"color: #555555;\"><span style=\"font-family: Verdana, sans-serif;\"><span style=\"font-size: medium;\">Attivit\u00e0 di gruppo che si realizza alternativamente nei saloni grandi dei reparti. L\u2019aiuto di volontari coristi o musicisti \u00e8 fondamentale per favorire il benessere attraverso il ritrovo di gruppo e la musica.<\/span><\/span><\/span><\/p>\n<p><span style=\"color: #555555;\"><span style=\"font-family: Verdana, sans-serif;\"><span style=\"font-size: large;\"><b>Feste dei compleanni<\/b><\/span><\/span><\/span><\/p>\n<p align=\"justify\"><span style=\"color: #555555;\"><span style=\"font-family: Verdana, sans-serif;\"><span style=\"font-size: medium;\">Una volta al mese viene organizzata un\u2019unica festa dei compleanni per tutti i festeggiati di quel mese. L\u2019attivit\u00e0 \u00e8 accompagnata dalla musica e dal taglio della torta, fornita per l\u2019occasione dalla cucina interna.<\/span><\/span><\/span><\/p>\n<p><span style=\"color: #555555;\"><span style=\"font-family: Verdana, sans-serif;\"><span style=\"font-size: large;\"><b>S.Messe<\/b><\/span><\/span><\/span><\/p>\n<p align=\"justify\"><span style=\"color: #555555;\"><span style=\"font-family: Verdana, sans-serif;\"><span style=\"font-size: medium;\">Una volta alla settimana, generalmente al gioved\u00ec mattina, viene celebrata la S.Messa alle ore 9.50\/10 da uno dei sacerdoti della Parrocchia di Breganze. Gli anziani vengono accompagnati nel salone comune prescelto alternativamente tra i due piani. E\u2019 un momento spiritualmente prezioso per s\u00e9 e la comunit\u00e0. <\/span><\/span><\/span><\/p>\n<p align=\"justify\"><span style=\"color: #555555;\"><span style=\"font-family: Verdana, sans-serif;\"><span style=\"font-size: medium;\">La partecipazione alla Comunione pu\u00f2 essere in forma tradizionale (con la distribuzione dell\u2019ostia) se non vi sono problematiche di disfagia oppure in forma spirituale se presenti difficolt\u00e0 di deglutizione.<\/span><\/span><\/span><\/p>\n<p><span style=\"color: #555555;\"><span style=\"font-family: Verdana, sans-serif;\"><span style=\"font-size: large;\"><b>Altre attivit\u00e0 temporanee o stagionali sono rese pubbliche tramite il programma affisso nei reparti.<\/b><\/span><\/span><\/span><\/p>\n<h2 class=\"western\" align=\"justify\"><span style=\"color: #555555;\"><span style=\"font-family: Verdana, sans-serif;\"><span style=\"font-size: x-large;\"><b>Parrucchiera<\/b><\/span><\/span><\/span><\/h2>\n<p align=\"justify\"><span style=\"font-family: Verdana, sans-serif;\"><span style=\"font-size: medium;\"><span style=\"color: #555555;\">Servizio con cadenza bisettimanale che permette, essendo compreso nella retta mensile, di assicurare ad ogni ospite almeno un accesso ogni 45 giorni.<\/span><\/span><\/span><\/p>\n<p align=\"justify\"><span style=\"font-family: Verdana, sans-serif;\"><span style=\"font-size: medium;\"><span style=\"color: #555555;\">Una maggior frequenza a pagamento, pu\u00f2 essere garantita su richiesta dell\u2019ospite stesso o dei famigliari. Il servizio \u00e8 garantito da personale qualificato con l\u2019aiuto del gruppo di volontariato \u201cSperanza\u201d operante in struttura.<\/span><\/span><\/span><\/p>\n<p align=\"justify\"><span style=\"font-family: Verdana, sans-serif;\"><span style=\"font-size: medium;\"><span style=\"color: #555555;\"><span style=\"font-size: x-large;\"><b>Pedicure<\/b><\/span><\/span><\/span><\/span><\/p>\n<p align=\"justify\"><span style=\"font-family: Verdana, sans-serif;\"><span style=\"font-size: medium;\"><span style=\"color: #555555;\">Servizio a cadenza quindicinale, fornito da parte di personale qualificato in convenzione con l\u2019Ente, erogato a tutti gli ospiti che ne necessitano, su segnalazione del personale socio-assistenziale ed infermieristico.<\/span><\/span><\/span><\/p>\n<h2 class=\"western\" align=\"justify\"><span style=\"font-family: Verdana, sans-serif;\"><span style=\"font-size: x-large;\"><b><span style=\"color: #555555;\">Progetti Assistenziali Individualizzati<\/span><\/b><\/span><\/span><\/h2>\n<p align=\"justify\"><span style=\"font-family: Verdana, sans-serif;\"><span style=\"font-size: medium;\"><span style=\"color: #555555;\">L\u2019anziano, sin dai primi giorni dell\u2019inserimento, \u00e8 \u201cpreso in carico\u201d dall\u2019intera equipe multi-professionale che ne valuter\u00e0 le reali autonomie e le eventuali potenzialit\u00e0 residue.<\/span><\/span><\/span><\/p>\n<p align=\"justify\"><span style=\"font-family: Verdana, sans-serif;\"><span style=\"font-size: medium;\"><span style=\"color: #555555;\">Le modalit\u00e0 pi\u00f9 idonee per la gestione di ogni singolo anziano, i progetti personalizzati in cui inserirlo e le eventuali necessit\u00e0 di cicli di riabilitazione vengono definiti e verificati periodicamente negli incontri delle Unit\u00e0 Operative Interne in cui sono presenti tutte le figure professionali, il medico di medicina generale e, se necessario, il responsabile medico geriatra dell\u2019U.L.S.S. n\u00b07 \u201cPedemontana\u201d.<\/span><\/span><\/span><\/p>\n<p class=\"western\" align=\"justify\"><span style=\"color: #555555;\"><span style=\"font-family: Verdana, serif;\"><span style=\"font-size: x-large;\"><b>Progetti di fisioterapia<\/b><\/span><\/span><\/span><\/p>\n<p class=\"western\" align=\"justify\"><span style=\"font-family: Verdana, serif;\"><span style=\"font-size: medium;\">Il gruppo di fisioterapisti dell\u2019I.P.A.B. \u201cLa Pieve\u201d promuove e partecipa all\u2019organizzazione di alcuni progetti quali:<\/span><\/span><\/p>\n<ol>\n<li class=\"western\"><span style=\"font-family: Verdana, serif;\"><span style=\"font-size: medium;\">condivisione di attivit\u00e0 ludico ricreative con l\u2019area educativa la fine di creare momenti di svago e divertimento ma anche di stimolazione motoria, con eventi periodici durante l\u2019anno.<\/span><\/span><\/li>\n<li class=\"western\"><span style=\"font-family: Verdana, serif;\"><span style=\"font-size: medium;\">la prevenzione delle cadute degli anziani, attraverso la ricerca e la messa in atto di una serie di strategie (valutazioni funzionali, esercizi mirati, ecc.) con il fine di evitare il ricorso a mezzi di contenzione.<\/span><\/span><a name=\"_GoBack\"><\/a><\/li>\n<li><span style=\"font-size: medium; font-family: Verdana, serif;\">la promozione della salute muscolo scheletrica degli Operatori Socio Sanitari, attraverso una supervisione ed educazione del personale incaricato all\u2019assistenza, per evitare un sovraccarico biomeccanico durante i trasferimenti e le mobilizzazioni degli ospiti, suggerendo le strategie e le modalit\u00e0 pi\u00f9 idonee per ogni singolo caso.<\/span><\/li>\n<\/ol>\n<\/div>\n<\/div><\/div><\/div><\/div><\/div>","protected":false},"excerpt":{"rendered":"<p>L\u2019Unit\u00e0 Operativa Interna L\u2019unit\u00e0 operativa interna (U.<\/p>\n","protected":false},"author":1,"featured_media":0,"parent":185,"menu_order":0,"comment_status":"closed","ping_status":"closed","template":"page-nosidebar.php","meta":{"footnotes":""},"tags":[],"class_list":["post-422","page","type-page","status-publish","hentry"],"_links":{"self":[{"href":"https:\/\/www.ipablapieve.it\/wp\/wp-json\/wp\/v2\/pages\/422","targetHints":{"allow":["GET"]}}],"collection":[{"href":"https:\/\/www.ipablapieve.it\/wp\/wp-json\/wp\/v2\/pages"}],"about":[{"href":"https:\/\/www.ipablapieve.it\/wp\/wp-json\/wp\/v2\/types\/page"}],"author":[{"embeddable":true,"href":"https:\/\/www.ipablapieve.it\/wp\/wp-json\/wp\/v2\/users\/1"}],"replies":[{"embeddable":true,"href":"https:\/\/www.ipablapieve.it\/wp\/wp-json\/wp\/v2\/comments?post=422"}],"version-history":[{"count":37,"href":"https:\/\/www.ipablapieve.it\/wp\/wp-json\/wp\/v2\/pages\/422\/revisions"}],"predecessor-version":[{"id":3569,"href":"https:\/\/www.ipablapieve.it\/wp\/wp-json\/wp\/v2\/pages\/422\/revisions\/3569"}],"up":[{"embeddable":true,"href":"https:\/\/www.ipablapieve.it\/wp\/wp-json\/wp\/v2\/pages\/185"}],"wp:attachment":[{"href":"https:\/\/www.ipablapieve.it\/wp\/wp-json\/wp\/v2\/media?parent=422"}],"wp:term":[{"taxonomy":"post_tag","embeddable":true,"href":"https:\/\/www.ipablapieve.it\/wp\/wp-json\/wp\/v2\/tags?post=422"}],"curies":[{"name":"wp","href":"https:\/\/api.w.org\/{rel}","templated":true}]}}